{"id":101,"date":"2021-02-12T17:01:33","date_gmt":"2021-02-12T17:01:33","guid":{"rendered":"http:\/\/www.sqacservice.eu\/?page_id=101"},"modified":"2021-02-15T11:26:52","modified_gmt":"2021-02-15T11:26:52","slug":"nase-sluzby","status":"publish","type":"page","link":"https:\/\/www.sqacservice.eu\/index.php\/nase-sluzby\/","title":{"rendered":"Na\u0161e slu\u017eby:"},"content":{"rendered":"\n<ul><li>v\u00fdkon procesn\u00fdch auditov &#8211; intern\u00fdch  a z\u00e1kazn\u00edckych<\/li><li>v\u00fdkon syst\u00e9mov\u00fdch auditov <\/li><li>v\u00fdkon auditov  v\u00fdrobn\u00fdch liniek<\/li><li>pr\u00edprava syst\u00e9mov na certifik\u00e1ciu pod\u013ea ISO 9001:2015, ISO 14001:2015, ISO 45001, ISO 3834, ISO 16949<\/li><li>sprostredkovanie samotnej certifik\u00e1cie IMS spolo\u010dnos\u0165ou T\u00dcV NORD SLOVAKIA<\/li><li>spracovanie Mapy procesov  a zoznamu riz\u00edk  pre dan\u00fa spolo\u010dnos\u0165<\/li><li>spracovanie dokument\u00e1cie kvality na mieru, pod\u013ea predmetu podnikania<\/li><li>\u0161kolenia integrovan\u00e9ho mana\u017e\u00e9rskeho syst\u00e9mu<\/li><li>poradenstvo v oblasti mana\u017e\u00e9rskych syst\u00e9mov <\/li><\/ul>\n","protected":false},"excerpt":{"rendered":"<p>v\u00fdkon procesn\u00fdch auditov &#8211; intern\u00fdch a z\u00e1kazn\u00edckych v\u00fdkon syst\u00e9mov\u00fdch auditov v\u00fdkon auditov v\u00fdrobn\u00fdch liniek pr\u00edprava syst\u00e9mov na certifik\u00e1ciu pod\u013ea ISO 9001:2015, ISO 14001:2015, ISO 45001, ISO 3834, ISO 16949 sprostredkovanie samotnej certifik\u00e1cie IMS spolo\u010dnos\u0165ou T\u00dcV NORD SLOVAKIA spracovanie Mapy procesov a zoznamu riz\u00edk pre dan\u00fa spolo\u010dnos\u0165 spracovanie dokument\u00e1cie kvality na mieru, pod\u013ea predmetu podnikania \u0161kolenia [&hellip;]<\/p>\n","protected":false},"author":1,"featured_media":0,"parent":0,"menu_order":0,"comment_status":"closed","ping_status":"closed","template":"","meta":[],"_links":{"self":[{"href":"https:\/\/www.sqacservice.eu\/index.php\/wp-json\/wp\/v2\/pages\/101"}],"collection":[{"href":"https:\/\/www.sqacservice.eu\/index.php\/wp-json\/wp\/v2\/pages"}],"about":[{"href":"https:\/\/www.sqacservice.eu\/index.php\/wp-json\/wp\/v2\/types\/page"}],"author":[{"embeddable":true,"href":"https:\/\/www.sqacservice.eu\/index.php\/wp-json\/wp\/v2\/users\/1"}],"replies":[{"embeddable":true,"href":"https:\/\/www.sqacservice.eu\/index.php\/wp-json\/wp\/v2\/comments?post=101"}],"version-history":[{"count":4,"href":"https:\/\/www.sqacservice.eu\/index.php\/wp-json\/wp\/v2\/pages\/101\/revisions"}],"predecessor-version":[{"id":189,"href":"https:\/\/www.sqacservice.eu\/index.php\/wp-json\/wp\/v2\/pages\/101\/revisions\/189"}],"wp:attachment":[{"href":"https:\/\/www.sqacservice.eu\/index.php\/wp-json\/wp\/v2\/media?parent=101"}],"curies":[{"name":"wp","href":"https:\/\/api.w.org\/{rel}","templated":true}]}}