{"id":103,"date":"2021-02-12T17:01:33","date_gmt":"2021-02-12T17:01:33","guid":{"rendered":"http:\/\/www.sqacservice.eu\/?page_id=103"},"modified":"2021-02-15T11:25:15","modified_gmt":"2021-02-15T11:25:15","slug":"co-potrebujeme-vediet","status":"publish","type":"page","link":"https:\/\/www.sqacservice.eu\/index.php\/co-potrebujeme-vediet\/","title":{"rendered":"\u010co potrebujeme vedie\u0165:"},"content":{"rendered":"\n<ul><li>\u010c\u00edm sa zaober\u00e1te (v\u00fdroba, mont\u00e1\u017e, servis, slu\u017eby)<\/li><li>Ste stroj\u00e1rska alebo in\u00e1 spolo\u010dnos\u0165?<\/li><li>Ko\u013eko m\u00e1te  pracovn\u00edkov?<\/li><li>M\u00e1te u\u017e IMS zaveden\u00fd, alebo len za\u010d\u00ednate?<\/li><\/ul>\n\n\n\n<p><\/p>\n","protected":false},"excerpt":{"rendered":"<p>\u010c\u00edm sa zaober\u00e1te (v\u00fdroba, mont\u00e1\u017e, servis, slu\u017eby) Ste stroj\u00e1rska alebo in\u00e1 spolo\u010dnos\u0165? Ko\u013eko m\u00e1te pracovn\u00edkov? M\u00e1te u\u017e IMS zaveden\u00fd, alebo len za\u010d\u00ednate?<\/p>\n","protected":false},"author":1,"featured_media":0,"parent":0,"menu_order":0,"comment_status":"closed","ping_status":"closed","template":"","meta":[],"_links":{"self":[{"href":"https:\/\/www.sqacservice.eu\/index.php\/wp-json\/wp\/v2\/pages\/103"}],"collection":[{"href":"https:\/\/www.sqacservice.eu\/index.php\/wp-json\/wp\/v2\/pages"}],"about":[{"href":"https:\/\/www.sqacservice.eu\/index.php\/wp-json\/wp\/v2\/types\/page"}],"author":[{"embeddable":true,"href":"https:\/\/www.sqacservice.eu\/index.php\/wp-json\/wp\/v2\/users\/1"}],"replies":[{"embeddable":true,"href":"https:\/\/www.sqacservice.eu\/index.php\/wp-json\/wp\/v2\/comments?post=103"}],"version-history":[{"count":4,"href":"https:\/\/www.sqacservice.eu\/index.php\/wp-json\/wp\/v2\/pages\/103\/revisions"}],"predecessor-version":[{"id":187,"href":"https:\/\/www.sqacservice.eu\/index.php\/wp-json\/wp\/v2\/pages\/103\/revisions\/187"}],"wp:attachment":[{"href":"https:\/\/www.sqacservice.eu\/index.php\/wp-json\/wp\/v2\/media?parent=103"}],"curies":[{"name":"wp","href":"https:\/\/api.w.org\/{rel}","templated":true}]}}