{"id":124,"date":"2021-02-15T09:59:37","date_gmt":"2021-02-15T09:59:37","guid":{"rendered":"http:\/\/www.sqacservice.eu\/?page_id=124"},"modified":"2021-02-15T09:59:37","modified_gmt":"2021-02-15T09:59:37","slug":"nieco-o-spolocnosti","status":"publish","type":"page","link":"https:\/\/www.sqacservice.eu\/index.php\/nieco-o-spolocnosti\/","title":{"rendered":"Nie\u010do o spolo\u010dnosti:"},"content":{"rendered":"\n<p>Spolo\u010dnos\u0165 SQAC SERVICE bola zalo\u017een\u00e1  konate\u013eom Ing. \u013dubom\u00edrom \u010cern\u00e1kom v roku 2020. Samotn\u00fd vznik spolo\u010dnosti  bol  dlhoro\u010dn\u00fd sen, ako prenies\u0165 praktick\u00fa kvalitu na z\u00e1klade  nieko\u013ekoro\u010dn\u00fdch sk\u00fasenost\u00ed  do re\u00e1lneho \u017eivota bez mno\u017estva papierov s oh\u013eadom na pragmatick\u00fd pr\u00edstup a efekt\u00edvnos\u0165 vyu\u017e\u00edvania \u010dasu. <\/p>\n\n\n\n<p><\/p>\n","protected":false},"excerpt":{"rendered":"<p>Spolo\u010dnos\u0165 SQAC SERVICE bola zalo\u017een\u00e1 konate\u013eom Ing. \u013dubom\u00edrom \u010cern\u00e1kom v roku 2020. Samotn\u00fd vznik spolo\u010dnosti bol dlhoro\u010dn\u00fd sen, ako prenies\u0165 praktick\u00fa kvalitu na z\u00e1klade nieko\u013ekoro\u010dn\u00fdch sk\u00fasenost\u00ed do re\u00e1lneho \u017eivota bez mno\u017estva papierov s oh\u013eadom na pragmatick\u00fd pr\u00edstup a efekt\u00edvnos\u0165 vyu\u017e\u00edvania \u010dasu.<\/p>\n","protected":false},"author":1,"featured_media":0,"parent":0,"menu_order":0,"comment_status":"closed","ping_status":"closed","template":"","meta":[],"_links":{"self":[{"href":"https:\/\/www.sqacservice.eu\/index.php\/wp-json\/wp\/v2\/pages\/124"}],"collection":[{"href":"https:\/\/www.sqacservice.eu\/index.php\/wp-json\/wp\/v2\/pages"}],"about":[{"href":"https:\/\/www.sqacservice.eu\/index.php\/wp-json\/wp\/v2\/types\/page"}],"author":[{"embeddable":true,"href":"https:\/\/www.sqacservice.eu\/index.php\/wp-json\/wp\/v2\/users\/1"}],"replies":[{"embeddable":true,"href":"https:\/\/www.sqacservice.eu\/index.php\/wp-json\/wp\/v2\/comments?post=124"}],"version-history":[{"count":2,"href":"https:\/\/www.sqacservice.eu\/index.php\/wp-json\/wp\/v2\/pages\/124\/revisions"}],"predecessor-version":[{"id":128,"href":"https:\/\/www.sqacservice.eu\/index.php\/wp-json\/wp\/v2\/pages\/124\/revisions\/128"}],"wp:attachment":[{"href":"https:\/\/www.sqacservice.eu\/index.php\/wp-json\/wp\/v2\/media?parent=124"}],"curies":[{"name":"wp","href":"https:\/\/api.w.org\/{rel}","templated":true}]}}