{"id":137,"date":"2021-02-15T09:58:56","date_gmt":"2021-02-15T09:58:56","guid":{"rendered":"http:\/\/www.sqacservice.eu\/?page_id=137"},"modified":"2021-02-15T11:15:13","modified_gmt":"2021-02-15T11:15:13","slug":"nasi-zakaznici","status":"publish","type":"page","link":"https:\/\/www.sqacservice.eu\/index.php\/nasi-zakaznici\/","title":{"rendered":"Na\u0161i z\u00e1kazn\u00edci:"},"content":{"rendered":"\n<p class=\"has-medium-font-size\">\u0160KODA JADERN\u00c9 STROJ\u00cdRENSTV\u00cd a.s.<\/p>\n\n\n\n<p class=\"has-medium-font-size\">T\u00dcV NORD  SLOVAKIA s.r.o.<\/p>\n\n\n\n<p style=\"font-size:22px\">ECAZA  s.r.o.<\/p>\n\n\n\n<p class=\"has-medium-font-size\">ITOZ AGENZY, s.r.o.<\/p>\n\n\n\n<p class=\"has-medium-font-size\">GQ systems s.r.o.<\/p>\n\n\n\n<p><\/p>\n\n\n\n<p><\/p>\n","protected":false},"excerpt":{"rendered":"<p>\u0160KODA JADERN\u00c9 STROJ\u00cdRENSTV\u00cd a.s. T\u00dcV NORD SLOVAKIA s.r.o. ECAZA s.r.o. ITOZ AGENZY, s.r.o. GQ systems s.r.o.<\/p>\n","protected":false},"author":1,"featured_media":0,"parent":0,"menu_order":0,"comment_status":"closed","ping_status":"closed","template":"","meta":[],"_links":{"self":[{"href":"https:\/\/www.sqacservice.eu\/index.php\/wp-json\/wp\/v2\/pages\/137"}],"collection":[{"href":"https:\/\/www.sqacservice.eu\/index.php\/wp-json\/wp\/v2\/pages"}],"about":[{"href":"https:\/\/www.sqacservice.eu\/index.php\/wp-json\/wp\/v2\/types\/page"}],"author":[{"embeddable":true,"href":"https:\/\/www.sqacservice.eu\/index.php\/wp-json\/wp\/v2\/users\/1"}],"replies":[{"embeddable":true,"href":"https:\/\/www.sqacservice.eu\/index.php\/wp-json\/wp\/v2\/comments?post=137"}],"version-history":[{"count":3,"href":"https:\/\/www.sqacservice.eu\/index.php\/wp-json\/wp\/v2\/pages\/137\/revisions"}],"predecessor-version":[{"id":186,"href":"https:\/\/www.sqacservice.eu\/index.php\/wp-json\/wp\/v2\/pages\/137\/revisions\/186"}],"wp:attachment":[{"href":"https:\/\/www.sqacservice.eu\/index.php\/wp-json\/wp\/v2\/media?parent=137"}],"curies":[{"name":"wp","href":"https:\/\/api.w.org\/{rel}","templated":true}]}}